{"id":437,"date":"2017-07-24T02:24:54","date_gmt":"2017-07-23T23:24:54","guid":{"rendered":"http:\/\/ahsertravel.com\/?page_id=437"},"modified":"2025-01-18T16:19:05","modified_gmt":"2025-01-18T13:19:05","slug":"iletisim","status":"publish","type":"page","link":"https:\/\/ahsertravel.com\/en\/iletisim\/","title":{"rendered":"CONTACT US"},"content":{"rendered":"<style type=\"text\/css\">\n#cmsmasters_row_6788bcbdea4dd .cmsmasters_row_outer_parent {<br \/>\n\tpadding-top: 0px;<br \/>\n} \n#cmsmasters_row_6788bcbdea4dd .cmsmasters_row_outer_parent {<br \/>\n\tpadding-bottom: 50px;<br \/>\n} \n#cmsmasters_row_6788bcbdea77f .cmsmasters_row_outer_parent {<br \/>\n\tpadding-top: 0px;<br \/>\n} \n#cmsmasters_row_6788bcbdea77f .cmsmasters_row_outer_parent {<br \/>\n\tpadding-bottom: 50px;<br \/>\n} \n#cmsmasters_icon_6788bcbdea80c {<br \/>\n\tdisplay:block;<br \/>\n\ttext-align:center; } \n#cmsmasters_icon_6788bcbdea80c .cmsmasters_simple_icon {<br \/>\n\tborder-width:0px;<br \/>\n\twidth:60px;<br \/>\n\theight:60px;<br \/>\n\tfont-size:50px;<br \/>\n\tline-height:60px;<br \/>\n\ttext-align:center;<br \/>\n\t-webkit-border-radius:50%;<br \/>\n\tborder-radius:50%;<br \/>\n\tcolor:#102dd1;<br \/>\n\tbackground-color:#ffffff;} \n#cmsmasters_icon_6788bcbdea886 {<br \/>\n\tdisplay:block;<br \/>\n\ttext-align:center; } \n#cmsmasters_icon_6788bcbdea886 .cmsmasters_simple_icon {<br \/>\n\tborder-width:0px;<br \/>\n\twidth:60px;<br \/>\n\theight:60px;<br \/>\n\tfont-size:50px;<br \/>\n\tline-height:60px;<br \/>\n\ttext-align:center;<br \/>\n\t-webkit-border-radius:50%;<br \/>\n\tborder-radius:50%;<br \/>\n\tcolor:#750332;<br \/>\n\tbackground-color:#ffffff;} \n#cmsmasters_icon_6788bcbdea8f8 {<br \/>\n\tdisplay:block;<br \/>\n\ttext-align:center; } \n#cmsmasters_icon_6788bcbdea8f8 .cmsmasters_simple_icon {<br \/>\n\tborder-width:0px;<br \/>\n\twidth:60px;<br \/>\n\theight:60px;<br \/>\n\tfont-size:50px;<br \/>\n\tline-height:60px;<br \/>\n\ttext-align:center;<br \/>\n\t-webkit-border-radius:50%;<br \/>\n\tborder-radius:50%;<br \/>\n\tcolor:#1196dd;}<br \/>\n<\/style><p><!--_________________________ Start Content _________________________ --><\/p>\n<div class=\"middle_content entry\">\n<div id=\"cmsmasters_row_6788bcbdea4dd\" class=\"cmsmasters_row cmsmasters_color_scheme_default cmsmasters_row_top_default cmsmasters_row_bot_default cmsmasters_row_boxed\">\n<div class=\"cmsmasters_row_outer_parent\">\n<div class=\"cmsmasters_row_outer\">\n<div class=\"cmsmasters_row_inner\">\n<div class=\"cmsmasters_row_margin\">\n<div class=\"cmsmasters_column one_half\">\n<div class=\"custom_html\"><iframe loading=\"lazy\" style=\"border: 0;\" src=\"https:\/\/www.google.com\/maps\/embed?pb=!1m18!1m12!1m3!1d3047.1274656042833!2d29.021707676394247!3d40.20622746842378!2m3!1f0!2f0!3f0!3m2!1i1024!2i768!4f13.1!3m3!1m2!1s0x14ca3e72c03806fd%3A0xf6573919603bdadc!2sAhser%20Turizm!5e0!3m2!1str!2str!4v1737021119518!5m2!1str!2str\" width=\"600\" height=\"590\" allowfullscreen=\"allowfullscreen\"><\/iframe><\/div>\n<div class=\"cmsmasters_text\" data-animation=\"fadeIn\" data-delay=\"0\">\n<p>&nbsp;<\/p>\n<p>&nbsp;<\/p>\n<address><strong>ADRES B\u0130LG\u0130LER\u0130 <\/strong><\/address><address><b>K\u00fck\u00fcrtl\u00fc Mah. K\u00fck\u00fcrtl\u00fc Cad. K\u00fck\u00fcrtl\u00fc 224 Aprt No:21\/23<\/b><\/address><address><strong>Osmangazi\/BURSA<\/strong><\/address><address><strong>Tel: 0537 924 84 65<\/strong><\/address><address><strong>ofis: 0850 309 40 00<\/strong><\/address><address>\u00a0<\/address><address><address><strong>MA\u0130L: info@ahserturizm.com<\/strong><\/address><\/address><address>\u00a0<\/address><address><address>\u00a0<\/address><\/address><\/div>\n<\/div>\n<div class=\"cmsmasters_column one_half\">\n<div class=\"cmsmasters_contact_form\" data-animation=\"fadeIn\" data-delay=\"0\">\n<div class=\"wpcf7 no-js\" id=\"wpcf7-f405-o1\" lang=\"tr-TR\" dir=\"ltr\" data-wpcf7-id=\"405\">\n<div class=\"screen-reader-response\"><p role=\"status\" aria-live=\"polite\" aria-atomic=\"true\"><\/p> <ul><\/ul><\/div>\n<form action=\"\/en\/wp-json\/wp\/v2\/pages\/437#wpcf7-f405-o1\" method=\"post\" class=\"wpcf7-form init\" aria-label=\"\u0130leti\u015fim Formu\" novalidate=\"novalidate\" data-status=\"init\">\n<fieldset class=\"hidden-fields-container\"><input type=\"hidden\" name=\"_wpcf7\" value=\"405\" \/><input type=\"hidden\" name=\"_wpcf7_version\" value=\"6.1.5\" \/><input type=\"hidden\" name=\"_wpcf7_locale\" value=\"tr_TR\" \/><input type=\"hidden\" name=\"_wpcf7_unit_tag\" value=\"wpcf7-f405-o1\" \/><input type=\"hidden\" name=\"_wpcf7_container_post\" value=\"0\" \/><input type=\"hidden\" name=\"_wpcf7_posted_data_hash\" value=\"\" \/>\n<\/fieldset>\n<p><label> \u0130sim & Soyisim *<br \/>\n<span class=\"wpcf7-form-control-wrap\" data-name=\"your-name\"><input size=\"40\" maxlength=\"400\" class=\"wpcf7-form-control wpcf7-text wpcf7-validates-as-required\" aria-required=\"true\" aria-invalid=\"false\" value=\"\" type=\"text\" name=\"your-name\" \/><\/span> <\/label>\n<\/p>\n<p><label> E-Mail *<br \/>\n<span class=\"wpcf7-form-control-wrap\" data-name=\"your-email\"><input size=\"40\" maxlength=\"400\" class=\"wpcf7-form-control wpcf7-email wpcf7-validates-as-required wpcf7-text wpcf7-validates-as-email\" aria-required=\"true\" aria-invalid=\"false\" value=\"\" type=\"email\" name=\"your-email\" \/><\/span> <\/label>\n<\/p>\n<p><label> Konu<br \/>\n<span class=\"wpcf7-form-control-wrap\" data-name=\"your-subject\"><input size=\"40\" maxlength=\"400\" class=\"wpcf7-form-control wpcf7-text\" aria-invalid=\"false\" value=\"\" type=\"text\" name=\"your-subject\" \/><\/span> <\/label>\n<\/p>\n<p><label> Mesaj\u0131n\u0131z<br \/>\n<span class=\"wpcf7-form-control-wrap\" data-name=\"your-message\"><textarea cols=\"40\" rows=\"10\" maxlength=\"2000\" class=\"wpcf7-form-control wpcf7-textarea\" aria-invalid=\"false\" name=\"your-message\"><\/textarea><\/span> <\/label>\n<\/p>\n<p><input class=\"wpcf7-form-control wpcf7-submit has-spinner\" type=\"submit\" value=\"FORMU G\u00d6NDER\" \/>\n<\/p><div class=\"wpcf7-response-output\" aria-hidden=\"true\"><\/div>\n<\/form>\n<\/div>\n<\/div>\n<\/div>\n<\/div>\n<\/div>\n<\/div>\n<\/div>\n<\/div>\n<div id=\"cmsmasters_row_6788bcbdea77f\" class=\"cmsmasters_row cmsmasters_color_scheme_default cmsmasters_row_top_default cmsmasters_row_bot_default cmsmasters_row_boxed\">\n<div class=\"cmsmasters_row_outer_parent\">\n<div class=\"cmsmasters_row_outer\">\n<div class=\"cmsmasters_row_inner\">\n<div class=\"cmsmasters_row_margin\">\n<div class=\"cmsmasters_column one_third\">\n<div id=\"cmsmasters_icon_6788bcbdea80c\" class=\"cmsmasters_icon_wrap\">\u00a0<\/div>\n<\/div>\n<div class=\"cmsmasters_column one_third\">\n<div id=\"cmsmasters_icon_6788bcbdea886\" class=\"cmsmasters_icon_wrap\">\u00a0<\/div>\n<\/div>\n<div class=\"cmsmasters_column one_third\">\n<div id=\"cmsmasters_icon_6788bcbdea8f8\" class=\"cmsmasters_icon_wrap\">\u00a0<\/div>\n<\/div>\n<\/div>\n<\/div>\n<\/div>\n<\/div>\n<\/div>\n<div class=\"cl\">\u00a0<\/div>\n<\/div>\n<p><!-- _________________________ Finish Content _________________________ --><\/p>\n\n\n<p><\/p>\n\n\n\n<p><\/p>\n","protected":false},"excerpt":{"rendered":"<p>&nbsp; &nbsp; ADRES B\u0130LG\u0130LER\u0130 K\u00fck\u00fcrtl\u00fc Mah. K\u00fck\u00fcrtl\u00fc Cad. K\u00fck\u00fcrtl\u00fc 224 Aprt No:21\/23 Osmangazi\/BURSA Tel: 0537 924 84 65 ofis: 0850 309 40 00 \u00a0 MA\u0130L: info@ahserturizm.com \u00a0 \u00a0 \u00a0 \u00a0 \u00a0 \u00a0<\/p>\n","protected":false},"author":1,"featured_media":0,"parent":0,"menu_order":0,"comment_status":"closed","ping_status":"closed","template":"","meta":{"footnotes":""},"class_list":["post-437","page","type-page","status-publish","hentry"],"_links":{"self":[{"href":"https:\/\/ahsertravel.com\/en\/wp-json\/wp\/v2\/pages\/437","targetHints":{"allow":["GET"]}}],"collection":[{"href":"https:\/\/ahsertravel.com\/en\/wp-json\/wp\/v2\/pages"}],"about":[{"href":"https:\/\/ahsertravel.com\/en\/wp-json\/wp\/v2\/types\/page"}],"author":[{"embeddable":true,"href":"https:\/\/ahsertravel.com\/en\/wp-json\/wp\/v2\/users\/1"}],"replies":[{"embeddable":true,"href":"https:\/\/ahsertravel.com\/en\/wp-json\/wp\/v2\/comments?post=437"}],"version-history":[{"count":68,"href":"https:\/\/ahsertravel.com\/en\/wp-json\/wp\/v2\/pages\/437\/revisions"}],"predecessor-version":[{"id":2192,"href":"https:\/\/ahsertravel.com\/en\/wp-json\/wp\/v2\/pages\/437\/revisions\/2192"}],"wp:attachment":[{"href":"https:\/\/ahsertravel.com\/en\/wp-json\/wp\/v2\/media?parent=437"}],"curies":[{"name":"wp","href":"https:\/\/api.w.org\/{rel}","templated":true}]}}